{"id":1509,"date":"2021-12-24T08:20:41","date_gmt":"2021-12-24T07:20:41","guid":{"rendered":"http:\/\/www.re-cycle-age.com\/GaletiereABoisV0\/?page_id=1509"},"modified":"2025-09-03T08:05:24","modified_gmt":"2025-09-03T06:05:24","slug":"faq","status":"publish","type":"page","link":"https:\/\/www.re-cycle-age.com\/GaletiereABoisV0\/?page_id=1509","title":{"rendered":"FAQ"},"content":{"rendered":"<p><div id=\"faq-1512\" class=\"arconix-faq-wrap\"><div id=\"faq-Lesancienscuisaientleurgalettesuruneplaquedirectementdansltrecestquoiladiffrence\" class=\"arconix-faq-title faq-closed\">Les anciens cuisaient leur galette sur une plaque directement dans l\u2019\u00e2tre, c\u2019est quoi la diff\u00e9rence\u00a0?<\/div><div class=\"arconix-faq-content faq-closed\">Le foyer de la galeti\u00e8re \u00e0 bois est particuli\u00e8rement efficace et consomme peu de bois. Le cr\u00eapier n\u2019est pas expos\u00e9 aux flammes, seule la galette cuit. La galeti\u00e8re s\u2019utilise debout sans avoir \u00e0 s\u2019agenouiller devant la chemin\u00e9e\u00a0.<\/div><\/div><br \/>\n<div id=\"faq-1516\" class=\"arconix-faq-wrap\"><div id=\"faq-Surlesphotoslesgaletiressonttoutesdiffrentespourquoi\" class=\"arconix-faq-title faq-closed\">Sur les photos, les galeti\u00e8res sont toutes diff\u00e9rentes, pourquoi\u00a0?<\/div><div class=\"arconix-faq-content faq-closed\"><p>Chaque mod\u00e8le est unique. Il est fabriqu\u00e9 avec des \u00e9l\u00e9ments recycl\u00e9s diff\u00e9rents. Chacun y apporte sa touche personnelle, forme de la galeti\u00e8re, des pieds, couleur du corps \u2026<\/p>\n<\/div><\/div><br \/>\n<div id=\"faq-1518\" class=\"arconix-faq-wrap\"><div id=\"faq-Est-ilpossibledutilisersaproprebillig\" class=\"arconix-faq-title faq-closed\">Est-il possible d\u2019utiliser sa propre billig\u00a0?<\/div><div class=\"arconix-faq-content faq-closed\"><p>Si son diam\u00e8tre est bien adapt\u00e9 au r\u00e9chaud, oui c\u2019est tout \u00e0 fait possible.<\/p>\n<\/div><\/div><br \/>\n<div id=\"faq-1521\" class=\"arconix-faq-wrap\"><div id=\"faq-Quelestleprixderevientdesmatriauxncessairelaconstruction\" class=\"arconix-faq-title faq-closed\">Quel est le prix de revient des mat\u00e9riaux n\u00e9cessaire \u00e0 la construction\u00a0?<\/div><div class=\"arconix-faq-content faq-closed\"><p>La plupart des fournitures peuvent \u00eatre r\u00e9cup\u00e9r\u00e9es. Si elles sont achet\u00e9es, le montant total ne devrait pas d\u00e9passer 60\u20ac.<\/p>\n<\/div><\/div><br \/>\n<div id=\"faq-1523\" class=\"arconix-faq-wrap\"><div id=\"faq-Combiendetempsfaut-ilpourenconstruireune\" class=\"arconix-faq-title faq-closed\">Combien de temps faut-il pour en construire une\u00a0?<\/div><div class=\"arconix-faq-content faq-closed\"><p>Tout d\u00e9pend de votre ma\u00eetrise du travail du m\u00e9tal. Il faut compter un minimum de 3 jours. Les stages d\u2019auto-construction durent 5 jours.<\/p>\n<\/div><\/div><br \/>\n<div id=\"faq-1525\" class=\"arconix-faq-wrap\"><div id=\"faq-Est-elleaussiefficacequunegaletiregazoulectrique\" class=\"arconix-faq-title faq-closed\">Est-elle aussi efficace qu\u2019une galeti\u00e8re \u00e0 gaz ou \u00e9lectrique\u00a0?<\/div><div class=\"arconix-faq-content faq-closed\"><p>Oui. La cr\u00eapi\u00e8re professionnelle qui a test\u00e9 plusieurs galeti\u00e8res \u00e0 bois confirme que la mont\u00e9e en temp\u00e9rature est comparable aux mod\u00e8les \u00e0 gaz ou \u00e9lectriques.<\/p>\n<\/div><\/div><br \/>\n<div id=\"faq-1527\" class=\"arconix-faq-wrap\"><div id=\"faq-Lespiedssont-ilsvraimentsolides\" class=\"arconix-faq-title faq-closed\">Les pieds sont-ils vraiment solides\u00a0?<\/div><div class=\"arconix-faq-content faq-closed\"><p>A valider en fonction <a href=\"http:\/\/www.re-cycle-age.com\/GaletiereABoisV0\/wp-content\/uploads\/2021\/12\/IMG_20210809_111411.jpg\" target=\"_blank\" rel=\"noopener\">du poids de la garniture<\/a>.<\/p>\n<\/div><\/div><br \/>\n<div id=\"faq-1529\" class=\"arconix-faq-wrap\"><div id=\"faq-Lesplanssont-ilsdisponibles\" class=\"arconix-faq-title faq-closed\">Les plans sont-ils disponibles\u00a0?<\/div><div class=\"arconix-faq-content faq-closed\"><p>Les proportions du foyer en L sont celles du classique Rocket Stove. Les autres cotes d\u00e9pendent de la taille de galeti\u00e8re choisie et des mat\u00e9riaux r\u00e9cup\u00e9r\u00e9s.<\/p>\n<\/div><\/div><br \/>\n<div id=\"faq-1531\" class=\"arconix-faq-wrap\"><div id=\"faq-Quandalieuleprochainstage\" class=\"arconix-faq-title faq-closed\">Quand a lieu le prochain stage\u00a0?<\/div><div class=\"arconix-faq-content faq-closed\"><p>En g\u00e9n\u00e9ral <a href=\"http:\/\/www.re-cycle-age.com\/SiteNNV3\/\" target=\"_blank\" rel=\"noopener\">les stages propos\u00e9s sont r\u00e9f\u00e9renc\u00e9s ici<\/a>.<\/p>\n<\/div><\/div><br \/>\n<div id=\"faq-1533\" class=\"arconix-faq-wrap\"><div id=\"faq-Est-ilpossibledenacheterunetoutefaite\" class=\"arconix-faq-title faq-closed\">Est-il possible d\u2019en acheter une toute faite\u00a0?<\/div><div class=\"arconix-faq-content faq-closed\"><p>Le prix de vente est calcul\u00e9 en fonction du temps pass\u00e9 \u00e0 la r\u00e9alisation. Il sera plus \u00e9lev\u00e9 que le co\u00fbt d\u2019un stage pour l\u2019auto construire. Apr\u00e8s r\u00e9flexion, les acheteurs pr\u00e9f\u00e8rent participer \u00e0 un stage et apprendre \u00e0 souder et \u00e0 travailler le m\u00e9tal. Il arrive aussi qu\u2019ils payent le prix du stage \u00e0 quelqu\u2019un en \u00e9change de la galeti\u00e8re \u00e0 bois r\u00e9alis\u00e9e.<\/p>\n<\/div><\/div><br \/>\n<div id=\"faq-1680\" class=\"arconix-faq-wrap\"><div id=\"faq-Onpeutcuireautrechosequedescrpesetgalettesavec\" class=\"arconix-faq-title faq-closed\">On peut cuire autre chose que des cr\u00eapes et galettes avec ?<\/div><div class=\"arconix-faq-content faq-closed\"><p>Oui tout \u00e0 fait. La plaque de cuisson (billig) peut \u00eatre utilis\u00e9e comme <a href=\"http:\/\/www.re-cycle-age.com\/GaletiereABoisV0\/wp-content\/uploads\/2023\/06\/PlanchaChampignon-rotated.jpg\" target=\"_blank\" rel=\"noopener\">plancha<\/a>.<\/p>\n<p>Les galeti\u00e8res ont d\u00e9j\u00e0 permis de cuisiner des <a href=\"http:\/\/www.recettes-bretonnes.fr\/crepe-bretonne\/kouigns.html\" target=\"_blank\" rel=\"noopener\">kouings<\/a>, des blinis, des chapatis, des pitas, des beignets &#8230;<\/p>\n<\/div><\/div><br \/>\n<div id=\"faq-1692\" class=\"arconix-faq-wrap\"><div id=\"faq-Cettegaletireest-elleLowTech\" class=\"arconix-faq-title faq-closed\">Cette galeti\u00e8re est-elle LowTech ?<\/div><div class=\"arconix-faq-content faq-closed\"><p>Les mat\u00e9riaux utilis\u00e9s sont essentiellement recycl\u00e9s, leur co\u00fbt de revient est faible, la fabrication est accessible \u00e0 tout ceux qui le souhaitent. A l&#8217;issue d&#8217;un stage de fabrication, vous pourrez en fabriquer d&#8217;autres, du m\u00eame mod\u00e8le, ou diff\u00e9rents.<\/p>\n<p>On doit donc pouvoir qualifier cette galeti\u00e8re \u00e0 bois de Lowtech.<\/p>\n<\/div><\/div><br \/>\n<div id=\"faq-1714\" class=\"arconix-faq-wrap\"><div id=\"faq-Est-ilpossibledemettreautrechosequelabilligsurlefoyer\" class=\"arconix-faq-title faq-closed\">Est-il possible de mettre autre chose que la billig sur le foyer ?<\/div><div class=\"arconix-faq-content faq-closed\"><p>En ajoutant un croisillon au dessus du foyer, on peut y poser une casserole.<\/p>\n<p>Les fum\u00e9es passeront sur les cot\u00e9s et il faudra utiliser le r\u00e9chaud en ext\u00e9rieur.<\/p>\n<p>Une <a href=\"http:\/\/www.re-cycle-age.com\/GaletiereABoisV0\/wp-content\/uploads\/2025\/09\/PoelePaella.jpeg\" target=\"_blank\" rel=\"noopener\">po\u00eale \u00e0 paella <\/a>peut aussi \u00eatre utilis\u00e9e. L&#8217;astuce de Fred : &#8220;Pour mieux r\u00e9partir la chaleur, mettre un <a href=\"http:\/\/www.re-cycle-age.com\/GaletiereABoisV0\/wp-content\/uploads\/2025\/09\/AimantPoele.jpeg\" target=\"_blank\" rel=\"noopener\">rond en m\u00e9tal fix\u00e9 avec un aimant<\/a> sous la po\u00eale au dessus du foyer.&#8221;<\/p>\n<\/div><\/div><\/p>\n\n\n\n<p><\/p>\n","protected":false},"excerpt":{"rendered":"","protected":false},"author":1,"featured_media":0,"parent":0,"menu_order":0,"comment_status":"closed","ping_status":"closed","template":"","meta":{"pgc_sgb_lightbox_settings":""},"_links":{"self":[{"href":"https:\/\/www.re-cycle-age.com\/GaletiereABoisV0\/index.php?rest_route=\/wp\/v2\/pages\/1509"}],"collection":[{"href":"https:\/\/www.re-cycle-age.com\/GaletiereABoisV0\/index.php?rest_route=\/wp\/v2\/pages"}],"about":[{"href":"https:\/\/www.re-cycle-age.com\/GaletiereABoisV0\/index.php?rest_route=\/wp\/v2\/types\/page"}],"author":[{"embeddable":true,"href":"https:\/\/www.re-cycle-age.com\/GaletiereABoisV0\/index.php?rest_route=\/wp\/v2\/users\/1"}],"replies":[{"embeddable":true,"href":"https:\/\/www.re-cycle-age.com\/GaletiereABoisV0\/index.php?rest_route=%2Fwp%2Fv2%2Fcomments&post=1509"}],"version-history":[{"count":8,"href":"https:\/\/www.re-cycle-age.com\/GaletiereABoisV0\/index.php?rest_route=\/wp\/v2\/pages\/1509\/revisions"}],"predecessor-version":[{"id":1718,"href":"https:\/\/www.re-cycle-age.com\/GaletiereABoisV0\/index.php?rest_route=\/wp\/v2\/pages\/1509\/revisions\/1718"}],"wp:attachment":[{"href":"https:\/\/www.re-cycle-age.com\/GaletiereABoisV0\/index.php?rest_route=%2Fwp%2Fv2%2Fmedia&parent=1509"}],"curies":[{"name":"wp","href":"https:\/\/api.w.org\/{rel}","templated":true}]}}