{"id":1501,"date":"2021-12-24T08:06:07","date_gmt":"2021-12-24T07:06:07","guid":{"rendered":"http:\/\/www.re-cycle-age.com\/GaletiereABoisV0\/?page_id=1501"},"modified":"2021-12-26T07:02:22","modified_gmt":"2021-12-26T06:02:22","slug":"conception-fabrication","status":"publish","type":"page","link":"https:\/\/www.re-cycle-age.com\/GaletiereABoisV0\/?page_id=1501","title":{"rendered":"Conception &#8211; Fabrication"},"content":{"rendered":"\n<p><strong>Architecture du r\u00e9chaud.<\/strong><\/p>\n\n\n\n<p>Le r\u00e9chaud s\u2019inspire des mod\u00e8les \u00ab\u00a0rocket stove\u00a0\u00bb largement document\u00e9s sur la toile. Le foyer compos\u00e9 de tube rond ou carr\u00e9 a une forme de L. Une plaque est ins\u00e9r\u00e9e dans la base. Le bois est pos\u00e9 et pouss\u00e9 sur le dessus, l\u2019air arrive par le dessous.<\/p>\n\n\n\n<p>Le foyer est entour\u00e9 d\u2019un isolant qui assure une combustion \u00e0 haute temp\u00e9rature et un bon rendement.<\/p>\n\n\n\n<p><strong>Outils n\u00e9cessaires \u00e0 la r\u00e9alisation.<\/strong><\/p>\n\n\n\n<p>Pour fabriquer la galeti\u00e8re il vous faudra&nbsp;: un poste \u00e0 souder et ses accessoires, une disqueuse et de quoi mesurer et tracer sur le m\u00e9tal.<\/p>\n\n\n\n<p>Tous les mat\u00e9riaux utilis\u00e9s pour fabriquer cette galeti\u00e8re sont recycl\u00e9s : bouteilles de gaz, chauffe-eau, tube en acier, t\u00f4le.<\/p>\n\n\n\n<p>La galeti\u00e8re est \u00e9quip\u00e9e d\u2019une chemin\u00e9e.<\/p>\n\n\n\n<p>L\u2019id\u00e9al est de l\u2019utiliser en ext\u00e9rieur.<\/p>\n\n\n\n<p>En int\u00e9rieur, elle peut \u00eatre raccord\u00e9e \u00e0 une \u00e9vacuation de fum\u00e9e ou plac\u00e9e dans un \u00e2tre.<\/p>\n\n\n\n<p>Si vous souhaitez fabriquer la v\u00f4tre, vous pouvez vous inspirer librement des photos et vid\u00e9os de ce site.<\/p>\n\n\n\n<p>Il est \u00e9galement possible de participer \u00e0 un stage d\u2019auto construction ou d\u2019en organiser un chez vous. Lors de ces stages, tous les participants fabriquent de A \u00e0 Z leur galeti\u00e8re \u00e0 bois. C\u2019est l\u2019occasion de d\u00e9tailler l&#8217;architecture du r\u00e9chaud et d\u2019en comprendre le fonctionnement. Vous y d\u00e9couvrirez ou approfondirez le travail du m\u00e9tal et la soudure \u00e0 l\u2019arc.<\/p>\n","protected":false},"excerpt":{"rendered":"<p>Architecture du r\u00e9chaud. Le r\u00e9chaud s\u2019inspire des mod\u00e8les \u00ab\u00a0rocket stove\u00a0\u00bb largement document\u00e9s sur la toile. Le foyer compos\u00e9 de tube rond ou carr\u00e9 a une forme de L. Une plaque [&hellip;]<\/p>\n","protected":false},"author":1,"featured_media":0,"parent":0,"menu_order":0,"comment_status":"closed","ping_status":"closed","template":"","meta":{"pgc_sgb_lightbox_settings":""},"_links":{"self":[{"href":"https:\/\/www.re-cycle-age.com\/GaletiereABoisV0\/index.php?rest_route=\/wp\/v2\/pages\/1501"}],"collection":[{"href":"https:\/\/www.re-cycle-age.com\/GaletiereABoisV0\/index.php?rest_route=\/wp\/v2\/pages"}],"about":[{"href":"https:\/\/www.re-cycle-age.com\/GaletiereABoisV0\/index.php?rest_route=\/wp\/v2\/types\/page"}],"author":[{"embeddable":true,"href":"https:\/\/www.re-cycle-age.com\/GaletiereABoisV0\/index.php?rest_route=\/wp\/v2\/users\/1"}],"replies":[{"embeddable":true,"href":"https:\/\/www.re-cycle-age.com\/GaletiereABoisV0\/index.php?rest_route=%2Fwp%2Fv2%2Fcomments&post=1501"}],"version-history":[{"count":3,"href":"https:\/\/www.re-cycle-age.com\/GaletiereABoisV0\/index.php?rest_route=\/wp\/v2\/pages\/1501\/revisions"}],"predecessor-version":[{"id":1652,"href":"https:\/\/www.re-cycle-age.com\/GaletiereABoisV0\/index.php?rest_route=\/wp\/v2\/pages\/1501\/revisions\/1652"}],"wp:attachment":[{"href":"https:\/\/www.re-cycle-age.com\/GaletiereABoisV0\/index.php?rest_route=%2Fwp%2Fv2%2Fmedia&parent=1501"}],"curies":[{"name":"wp","href":"https:\/\/api.w.org\/{rel}","templated":true}]}}