{"id":134,"date":"2016-03-21T20:43:35","date_gmt":"2016-03-21T20:43:35","guid":{"rendered":"http:\/\/localhost\/?page_id=134"},"modified":"2021-12-24T10:01:54","modified_gmt":"2021-12-24T09:01:54","slug":"contact","status":"publish","type":"page","link":"https:\/\/www.re-cycle-age.com\/GaletiereABoisV0\/?page_id=134","title":{"rendered":"Contact"},"content":{"rendered":"<p><a href=\"&#x6d;&#x61;il&#x74;&#x6f;&#58;co&#x6e;&#x74;ac&#x74;&#x40;&#103;al&#x65;&#x74;ie&#x72;&#x65;&#45;a-&#x62;&#x6f;&#105;s&#x2e;&#x66;&#114;?subject=Prise%20de%20contact\">&#99;&#x6f;&#110;&#x74;&#97;&#x63;&#116;&#x40;&#103;&#x61;l&#x65;t&#x69;e&#x72;e&#x2d;a&#x2d;b&#x6f;i&#x73;&#46;&#x66;r<\/a><\/p>\n<h3>Pour vous abonner \u00e0 la newsletter et \u00eatre inform\u00e9 des prochaines formations.<\/h3>\n\n","protected":false},"excerpt":{"rendered":"<p>&#x63;&#x6f;&#x6e;&#x74;&#x61;&#x63;&#x74;&#64;&#103;&#97;letier&#x65;&#x2d;&#x61;&#x2d;&#x62;&#x6f;&#x69;&#x73;&#46;&#102;r Pour vous abonner \u00e0 la newsletter et \u00eatre inform\u00e9 des prochaines formations.<\/p>\n","protected":false},"author":1,"featured_media":0,"parent":0,"menu_order":0,"comment_status":"closed","ping_status":"closed","template":"","meta":{"pgc_sgb_lightbox_settings":""},"_links":{"self":[{"href":"https:\/\/www.re-cycle-age.com\/GaletiereABoisV0\/index.php?rest_route=\/wp\/v2\/pages\/134"}],"collection":[{"href":"https:\/\/www.re-cycle-age.com\/GaletiereABoisV0\/index.php?rest_route=\/wp\/v2\/pages"}],"about":[{"href":"https:\/\/www.re-cycle-age.com\/GaletiereABoisV0\/index.php?rest_route=\/wp\/v2\/types\/page"}],"author":[{"embeddable":true,"href":"https:\/\/www.re-cycle-age.com\/GaletiereABoisV0\/index.php?rest_route=\/wp\/v2\/users\/1"}],"replies":[{"embeddable":true,"href":"https:\/\/www.re-cycle-age.com\/GaletiereABoisV0\/index.php?rest_route=%2Fwp%2Fv2%2Fcomments&post=134"}],"version-history":[{"count":7,"href":"https:\/\/www.re-cycle-age.com\/GaletiereABoisV0\/index.php?rest_route=\/wp\/v2\/pages\/134\/revisions"}],"predecessor-version":[{"id":1552,"href":"https:\/\/www.re-cycle-age.com\/GaletiereABoisV0\/index.php?rest_route=\/wp\/v2\/pages\/134\/revisions\/1552"}],"wp:attachment":[{"href":"https:\/\/www.re-cycle-age.com\/GaletiereABoisV0\/index.php?rest_route=%2Fwp%2Fv2%2Fmedia&parent=134"}],"curies":[{"name":"wp","href":"https:\/\/api.w.org\/{rel}","templated":true}]}}