{"id":1219,"date":"2020-12-26T09:48:39","date_gmt":"2020-12-26T08:48:39","guid":{"rendered":"http:\/\/www.re-cycle-age.com\/GaletiereABoisV0\/?page_id=1219"},"modified":"2021-12-24T08:03:39","modified_gmt":"2021-12-24T07:03:39","slug":"accueil","status":"publish","type":"page","link":"https:\/\/www.re-cycle-age.com\/GaletiereABoisV0\/","title":{"rendered":"Pr\u00e9sentation"},"content":{"rendered":"\n<p>La galeti\u00e8re \u00e0 bois ou Rocket Billig permet de cuire cr\u00eapes et galettes avec du bois.<\/p>\n\n\n\n<p>La conception de cette galeti\u00e8re r\u00e9pond \u00e0 plusieurs exigences :<\/p>\n\n\n\n<ul><li>Utiliser du bois plut\u00f4t que des \u00e9nergies fossiles pour faire cuire cr\u00eapes et galettes.<\/li><li>\u00catre capable de fabriquer soi-m\u00eame la galeti\u00e8re avec des outils courants.<\/li><li>Utiliser un maximum de mat\u00e9riaux recycl\u00e9s plut\u00f4t que neufs pour la construction.<\/li><\/ul>\n","protected":false},"excerpt":{"rendered":"<p>La galeti\u00e8re \u00e0 bois ou Rocket Billig permet de cuire cr\u00eapes et galettes avec du bois. La conception de cette galeti\u00e8re r\u00e9pond \u00e0 plusieurs exigences : Utiliser du bois plut\u00f4t [&hellip;]<\/p>\n","protected":false},"author":1,"featured_media":0,"parent":0,"menu_order":0,"comment_status":"closed","ping_status":"closed","template":"","meta":{"pgc_sgb_lightbox_settings":""},"_links":{"self":[{"href":"https:\/\/www.re-cycle-age.com\/GaletiereABoisV0\/index.php?rest_route=\/wp\/v2\/pages\/1219"}],"collection":[{"href":"https:\/\/www.re-cycle-age.com\/GaletiereABoisV0\/index.php?rest_route=\/wp\/v2\/pages"}],"about":[{"href":"https:\/\/www.re-cycle-age.com\/GaletiereABoisV0\/index.php?rest_route=\/wp\/v2\/types\/page"}],"author":[{"embeddable":true,"href":"https:\/\/www.re-cycle-age.com\/GaletiereABoisV0\/index.php?rest_route=\/wp\/v2\/users\/1"}],"replies":[{"embeddable":true,"href":"https:\/\/www.re-cycle-age.com\/GaletiereABoisV0\/index.php?rest_route=%2Fwp%2Fv2%2Fcomments&post=1219"}],"version-history":[{"count":9,"href":"https:\/\/www.re-cycle-age.com\/GaletiereABoisV0\/index.php?rest_route=\/wp\/v2\/pages\/1219\/revisions"}],"predecessor-version":[{"id":1500,"href":"https:\/\/www.re-cycle-age.com\/GaletiereABoisV0\/index.php?rest_route=\/wp\/v2\/pages\/1219\/revisions\/1500"}],"wp:attachment":[{"href":"https:\/\/www.re-cycle-age.com\/GaletiereABoisV0\/index.php?rest_route=%2Fwp%2Fv2%2Fmedia&parent=1219"}],"curies":[{"name":"wp","href":"https:\/\/api.w.org\/{rel}","templated":true}]}}