{"id":145,"date":"2016-03-21T20:49:22","date_gmt":"2016-03-21T20:49:22","guid":{"rendered":"http:\/\/localhost\/?page_id=145"},"modified":"2025-06-23T17:44:07","modified_gmt":"2025-06-23T15:44:07","slug":"liens","status":"publish","type":"page","link":"http:\/\/www.re-cycle-age.com\/SiteNNV3\/?page_id=145","title":{"rendered":"Liens"},"content":{"rendered":"<p>Des id\u00e9es de recyclage et des stages pour les mettre en \u0153uvre<\/p>\n<p><a href=\"http:\/\/www.descageots.fr\/\" target=\"_blank\" rel=\"noopener\">http:\/\/www.descageots.fr\/<\/a><\/p>\n<p><a href=\"https:\/\/www.facebook.com\/AlTerre-Breizh-283659518376734\/info\/?tab=overview\" target=\"_blank\" rel=\"noopener\">Al&#8217;Terre Breizh<\/a> accompagne les transitions vers des modes de vie plus durables, pour la Terre et les Hommes.<\/p>\n<p>Le site de r\u00e9f\u00e9rence pour l&#8217;autoconstruction d&#8217;\u00e9oliennes<\/p>\n<p><a href=\"http:\/\/www.tripalium.org\/\" target=\"_blank\" rel=\"noopener\">http:\/\/www.tripalium.org\/<\/a><\/p>\n<p>Armor sellerie\u00a0 Un artisan s\u00e9rieux et comp\u00e9tent capable de r\u00e9aliser tous les travaux de sellerie.<\/p>\n<p><a href=\"http:\/\/www.armorsellerie.com\/\" target=\"_blank\" rel=\"noopener\">http:\/\/www.armorsellerie.com\/<\/a><\/p>\n<h3><strong>Quelle satisfaction de savoir se d\u00e9brouiller avec \u00e0 peu pr\u00e8s tout et de pouvoir &#8220;bidouiller&#8221;. Cette satisfaction que connaissent tous les bricoleurs et bricoleuses de g\u00e9nie apporte un grand sentiment de confiance en soi et de tranquillit\u00e9. Tout ou presque peut arrive, on se sent en s\u00e9curit\u00e9 avec soi-m\u00eame.<\/strong><\/h3>\n<p><a href=\"http:\/\/www.reginequeva.fr\/\"><strong>R\u00e9gine Qu\u00e9va<\/strong><\/a><\/p>\n<p><strong>L&#8217;aquaponie \u00e7a vous dit quelque chose ?<\/strong><\/p>\n<p><a href=\"http:\/\/www.re-cycle-age.com\/SiteNNV3\/wp-content\/uploads\/2025\/06\/TaireauBretagneSarah.pdf\">TaireauBretagneSarah<\/a><\/p>\n","protected":false},"excerpt":{"rendered":"<p>Des id\u00e9es de recyclage et des stages pour les mettre en \u0153uvre http:\/\/www.descageots.fr\/ Al&#8217;Terre Breizh accompagne les transitions vers des modes de vie plus durables, pour la Terre et les Hommes. Le site de r\u00e9f\u00e9rence pour l&#8217;autoconstruction d&#8217;\u00e9oliennes http:\/\/www.tripalium.org\/ Armor sellerie\u00a0 Un artisan s\u00e9rieux et comp\u00e9tent capable de r\u00e9aliser tous les travaux de sellerie. http:\/\/www.armorsellerie.com\/ [&hellip;]<\/p>\n","protected":false},"author":1,"featured_media":0,"parent":0,"menu_order":0,"comment_status":"closed","ping_status":"closed","template":"","meta":{"pgc_sgb_lightbox_settings":"","_mi_skip_tracking":false,"_exactmetrics_sitenote_active":false,"_exactmetrics_sitenote_note":"","_exactmetrics_sitenote_category":0},"_links":{"self":[{"href":"http:\/\/www.re-cycle-age.com\/SiteNNV3\/index.php?rest_route=\/wp\/v2\/pages\/145"}],"collection":[{"href":"http:\/\/www.re-cycle-age.com\/SiteNNV3\/index.php?rest_route=\/wp\/v2\/pages"}],"about":[{"href":"http:\/\/www.re-cycle-age.com\/SiteNNV3\/index.php?rest_route=\/wp\/v2\/types\/page"}],"author":[{"embeddable":true,"href":"http:\/\/www.re-cycle-age.com\/SiteNNV3\/index.php?rest_route=\/wp\/v2\/users\/1"}],"replies":[{"embeddable":true,"href":"http:\/\/www.re-cycle-age.com\/SiteNNV3\/index.php?rest_route=%2Fwp%2Fv2%2Fcomments&post=145"}],"version-history":[{"count":5,"href":"http:\/\/www.re-cycle-age.com\/SiteNNV3\/index.php?rest_route=\/wp\/v2\/pages\/145\/revisions"}],"predecessor-version":[{"id":2457,"href":"http:\/\/www.re-cycle-age.com\/SiteNNV3\/index.php?rest_route=\/wp\/v2\/pages\/145\/revisions\/2457"}],"wp:attachment":[{"href":"http:\/\/www.re-cycle-age.com\/SiteNNV3\/index.php?rest_route=%2Fwp%2Fv2%2Fmedia&parent=145"}],"curies":[{"name":"wp","href":"https:\/\/api.w.org\/{rel}","templated":true}]}}