{"id":134,"date":"2016-03-21T20:43:35","date_gmt":"2016-03-21T20:43:35","guid":{"rendered":"http:\/\/localhost\/?page_id=134"},"modified":"2025-02-19T11:35:36","modified_gmt":"2025-02-19T10:35:36","slug":"contact","status":"publish","type":"page","link":"http:\/\/www.re-cycle-age.com\/SiteNNV3\/?page_id=134","title":{"rendered":"Contact"},"content":{"rendered":"<p><a href=\"&#x6d;&#x61;&#x69;&#x6c;&#x74;&#x6f;&#x3a;&#x63;&#x6f;&#x6e;&#x74;&#97;&#99;&#116;&#64;nerzh-nev&#x65;&#x7a;&#x2e;&#x63;&#x6f;&#x6d;?subject=Prise%20de%20contact\">&#99;&#x6f;n&#x74;&#x61;&#99;&#x74;&#64;&#x6e;&#x65;&#114;&#x7a;h&#x2d;&#x6e;&#101;&#x76;e&#x7a;&#x2e;&#99;&#x6f;m<\/a><\/p>\n<p>Tel :\u00a0 02 96 91 10 52<\/p>\n<h3>Pour vous abonner \u00e0 la newsletter et \u00eatre inform\u00e9 des prochaines formations.<\/h3>\n\n","protected":false},"excerpt":{"rendered":"<p>c&#x6f;&#x6e;t&#97;&#x63;t&#64;&#x6e;&#x65;r&#122;&#x68;-n&#x65;&#x76;e&#122;&#x2e;co&#x6d; Tel :\u00a0 02 96 91 10 52 Pour vous abonner \u00e0 la newsletter et \u00eatre inform\u00e9 des prochaines formations.<\/p>\n","protected":false},"author":1,"featured_media":0,"parent":0,"menu_order":0,"comment_status":"closed","ping_status":"closed","template":"","meta":{"pgc_sgb_lightbox_settings":"","_mi_skip_tracking":false,"_exactmetrics_sitenote_active":false,"_exactmetrics_sitenote_note":"","_exactmetrics_sitenote_category":0},"_links":{"self":[{"href":"http:\/\/www.re-cycle-age.com\/SiteNNV3\/index.php?rest_route=\/wp\/v2\/pages\/134"}],"collection":[{"href":"http:\/\/www.re-cycle-age.com\/SiteNNV3\/index.php?rest_route=\/wp\/v2\/pages"}],"about":[{"href":"http:\/\/www.re-cycle-age.com\/SiteNNV3\/index.php?rest_route=\/wp\/v2\/types\/page"}],"author":[{"embeddable":true,"href":"http:\/\/www.re-cycle-age.com\/SiteNNV3\/index.php?rest_route=\/wp\/v2\/users\/1"}],"replies":[{"embeddable":true,"href":"http:\/\/www.re-cycle-age.com\/SiteNNV3\/index.php?rest_route=%2Fwp%2Fv2%2Fcomments&post=134"}],"version-history":[{"count":7,"href":"http:\/\/www.re-cycle-age.com\/SiteNNV3\/index.php?rest_route=\/wp\/v2\/pages\/134\/revisions"}],"predecessor-version":[{"id":2365,"href":"http:\/\/www.re-cycle-age.com\/SiteNNV3\/index.php?rest_route=\/wp\/v2\/pages\/134\/revisions\/2365"}],"wp:attachment":[{"href":"http:\/\/www.re-cycle-age.com\/SiteNNV3\/index.php?rest_route=%2Fwp%2Fv2%2Fmedia&parent=134"}],"curies":[{"name":"wp","href":"https:\/\/api.w.org\/{rel}","templated":true}]}}