{"id":1219,"date":"2020-12-26T09:48:39","date_gmt":"2020-12-26T08:48:39","guid":{"rendered":"http:\/\/www.re-cycle-age.com\/SiteNNV3\/?page_id=1219"},"modified":"2025-02-19T11:32:20","modified_gmt":"2025-02-19T10:32:20","slug":"accueil","status":"publish","type":"page","link":"http:\/\/www.re-cycle-age.com\/SiteNNV3\/","title":{"rendered":"Pr\u00e9sentation"},"content":{"rendered":"\n<div class=\"wp-block-pgcsimplygalleryblock-slider\" data-gallery-id=\"141b4246_1608972585246\"><script type=\"application\/json\" class=\"sgb-data\">{\"copyRProtection\":true,\"copyRAlert\":\"Hello, this photo is mine!\",\"sliderScrollNavi\":false,\"sliderNextPrevAnimation\":\"animation\",\"galleryScrollPositionControll\":false,\"sliderItemCounterEnable\":true,\"sliderCaptionSrc\":\"caption\",\"sliderItemTitleEnable\":false,\"sliderItemTitleFontSize\":18,\"sliderItemTitleTextColor\":\"rgba(255,255,255,1)\",\"itemCounterColor\":\"rgba(255,255,255,1)\",\"sliderThumbBarEnable\":true,\"sliderThumbBarHoverColor\":\"rgba(240,240,240,1)\",\"sliderBgColor\":\"rgba(0,0,0,0.8)\",\"sliderPreloaderColor\":\"rgba(240,240,240,1)\",\"sliderHeaderFooterBgColor\":\"rgba(0,0,0,0.4)\",\"sliderNavigationColor\":\"rgba(0,0,0,1)\",\"sliderNavigationColorOver\":\"rgba(255,255,255,1)\",\"sliderNavigationIconColor\":\"rgba(255,255,255,1)\",\"sliderNavigationIconColorOver\":\"rgba(0,0,0,1)\",\"sliderSlideshow\":true,\"sliderSlideshowDelay\":8,\"slideshowIndicatorColor\":\"rgba(255,255,255,1)\",\"slideshowIndicatorColorBg\":\"rgba(255,255,255,0.5)\",\"sliderThumbSubMenuBackgroundColor\":\"rgba(255,255,255,0)\",\"sliderThumbSubMenuBackgroundColorOver\":\"rgba(255,255,255,1)\",\"sliderThumbSubMenuIconColor\":\"rgba(255,255,255,1)\",\"sliderThumbSubMenuIconHoverColor\":\"rgba(0,0,0,1)\",\"sliderSocialShareEnabled\":true,\"sliderZoomEnable\":true,\"sliderFullscreenEnabled\":true,\"modaBgColor\":\"rgba(0,0,0,0.8)\",\"modalIconColor\":\"rgba(255,255,255,1)\",\"modalIconColorHover\":\"rgba(255,255,255,0.8)\",\"shareFacebook\":true,\"shareTwitter\":true,\"sharePinterest\":true,\"sliderItemDownload\":true,\"shareCopyLink\":true,\"tagsFilter\":false,\"tagCloudAll\":\"All\",\"tagCloudBgColor\":\"rgba(153,153,153,1)\",\"tagCloudBgColorOver\":\"rgba(253,253,253,1)\",\"tagCloudTextColor\":\"rgba(253,253,253,1)\",\"tagCloudTextColorOver\":\"rgba(153,153,153,1)\",\"tagCloudFontSize\":16,\"deepLinking\":false,\"useLightbox\":true,\"numItemsDisplayed\":0,\"lazyLoading\":true,\"contentNoPadding\":false,\"galleryPreloaderColor\":\"rgba(230,230,230,1)\",\"galleryBgColor\":\"rgba(0,0,0,0)\",\"galleryBorderRadius\":0,\"collectionThumbRecomendedWidth\":200,\"thumbSpacing\":5,\"externalLink\":true,\"externalLinkDefName\":\"Read More\",\"externalLinkTextColor\":\"rgba(0,0,0,1)\",\"externalLinkBgColor\":\"rgba(255,255,255,1)\",\"externalLinkFontSize\":18,\"captions\":true,\"captionSrc\":\"caption\",\"captionHAlign\":\"top\",\"collectionthumbHoverTitleFontSize\":18,\"collectionthumbRoundedCorners\":0,\"collectionthumbHoverTitleTextColor\":\"rgba(255,255,255,1)\",\"collectionthumbHoverTitleTextBgColor\":\"rgba(0,0,0,0.8)\",\"collectionthumbHoverBgColor\":\"rgba(0,0,0,0.4)\",\"collectionThumbSubMenuDownload\":true,\"collectionThumbSubMenuShare\":true,\"collectionThumbSubMenuBgColor\":\"rgba(0,0,0,0.4)\",\"collectionThumbSubMenuBgColorHover\":\"rgba(255,255,255,1)\",\"collectionThumbSubMenuIconColor\":\"rgba(255,255,255,1)\",\"collectionThumbSubMenuIconColorHover\":\"rgba(0,0,0,1)\",\"galleryType\":\"pgc_sgb_slider\",\"galleryId\":\"141b4246_1608972585246\",\"images\":[{\"id\":288,\"title\":\"IMG_0492-683x1024\",\"url\":\"http:\/\/www.re-cycle-age.com\/SiteNNV3\/wp-content\/uploads\/2016\/04\/IMG_0492-683x1024.jpg\",\"link\":\"http:\/\/www.re-cycle-age.com\/SiteNNV3\/?attachment_id=288\",\"alt\":\"\",\"description\":\"\",\"caption\":\"\",\"mime\":\"image\/jpeg\",\"type\":\"image\",\"meta\":false},{\"id\":389,\"title\":\"BUT_L_1\",\"url\":\"http:\/\/www.re-cycle-age.com\/SiteNNV3\/wp-content\/uploads\/2016\/04\/BUT_L_1.jpg\",\"link\":\"http:\/\/www.re-cycle-age.com\/SiteNNV3\/?attachment_id=389\",\"alt\":\"\",\"description\":\"\",\"caption\":\"\",\"mime\":\"image\/jpeg\",\"type\":\"image\",\"meta\":false},{\"id\":388,\"title\":\"BUT_L_0\",\"url\":\"http:\/\/www.re-cycle-age.com\/SiteNNV3\/wp-content\/uploads\/2016\/04\/BUT_L_0.jpg\",\"link\":\"http:\/\/www.re-cycle-age.com\/SiteNNV3\/?attachment_id=388\",\"alt\":\"\",\"description\":\"\",\"caption\":\"\",\"mime\":\"image\/jpeg\",\"type\":\"image\",\"meta\":false},{\"id\":569,\"title\":\"DSC_0354.resized\",\"url\":\"http:\/\/www.re-cycle-age.com\/SiteNNV3\/wp-content\/uploads\/2016\/07\/DSC_0354.resized.jpg\",\"link\":\"http:\/\/www.re-cycle-age.com\/SiteNNV3\/?attachment_id=569\",\"alt\":\"\",\"description\":\"\",\"caption\":\"\",\"mime\":\"image\/jpeg\",\"type\":\"image\",\"meta\":false},{\"id\":661,\"title\":\"DSC_0397\",\"url\":\"http:\/\/www.re-cycle-age.com\/SiteNNV3\/wp-content\/uploads\/2017\/08\/DSC_0397.jpg\",\"link\":\"http:\/\/www.re-cycle-age.com\/SiteNNV3\/?attachment_id=661\",\"alt\":\"\",\"description\":\"\",\"caption\":\"\",\"mime\":\"image\/jpeg\",\"type\":\"image\",\"meta\":false},{\"id\":671,\"title\":\"DSC_0434\",\"url\":\"http:\/\/www.re-cycle-age.com\/SiteNNV3\/wp-content\/uploads\/2017\/08\/DSC_0434.jpg\",\"link\":\"http:\/\/www.re-cycle-age.com\/SiteNNV3\/?attachment_id=671\",\"alt\":\"\",\"description\":\"\",\"caption\":\"\",\"mime\":\"image\/jpeg\",\"type\":\"image\",\"meta\":false},{\"id\":724,\"title\":\"DSC_0186\",\"url\":\"http:\/\/www.re-cycle-age.com\/SiteNNV3\/wp-content\/uploads\/2017\/10\/DSC_0186.jpg\",\"link\":\"http:\/\/www.re-cycle-age.com\/SiteNNV3\/?attachment_id=724\",\"alt\":\"\",\"description\":\"\",\"caption\":\"\",\"mime\":\"image\/jpeg\",\"type\":\"image\",\"meta\":false}],\"itemsMetaDataCollection\":[],\"tagsListCustomMode\":false,\"galleryTagsList\":[],\"useClobalSettings\":false,\"orderBy\":\"custom\",\"sliderMaxHeight\":220,\"sliderAdminWidth\":580,\"responsiveHeight\":false,\"collectionColumns\":3,\"sliderAnimation\":\"animation\",\"sliderNextPrevNavigation\":true,\"sliderNextPrevBgColor\":\"rgba(255,255,255,1)\",\"sliderNextPrevBgColorHover\":\"rgba(0,0,0,1)\",\"sliderNextPrevIconColor\":\"rgba(0,0,0,1)\",\"sliderNextPrevIconColorHover\":\"rgba(255,255,255,1)\",\"sliderThumbsNavi\":true,\"sliderThumbsNaviColor\":\"rgba(255,255,255,1)\",\"sliderDotNavi\":false,\"sliderDotNaviBgColor\":\"rgba(0,0,0,.4)\",\"sliderDotNaviBgColorHover\":\"rgba(255,255,255,1)\",\"autoPlay\":false,\"autoPlayDelay\":4,\"autoPlayMouseStoper\":true,\"skin\":\"slider\"}<\/script><div class=\"sgb-preloader\"><div class=\"sgb-square\" style=\"background:rgba(230,230,230,1)\"><\/div><div class=\"sgb-square\" style=\"background:rgba(230,230,230,1)\"><\/div><div class=\"sgb-square\" style=\"background:rgba(230,230,230,1)\"><\/div><div class=\"sgb-square\" style=\"background:rgba(230,230,230,1)\"><\/div><\/div><noscript><div class=\"simply-gallery-amp pgc_sgb_slider\"><div class=\"sgb-gallery\"><div class=\"sgb-item\" data-id=\"288\"><img alt=\"\" width=\"300\" height=\"300\" loading=\"auto\" data-lazy-src=\"\" class=\"skip-lazy no-lazyload noLazy\" src=\"http:\/\/www.re-cycle-age.com\/SiteNNV3\/wp-content\/uploads\/2016\/04\/IMG_0492-683x1024.jpg\"><\/div><div class=\"sgb-item\" data-id=\"389\"><img alt=\"\" width=\"300\" height=\"300\" loading=\"auto\" data-lazy-src=\"\" class=\"skip-lazy no-lazyload noLazy\" src=\"http:\/\/www.re-cycle-age.com\/SiteNNV3\/wp-content\/uploads\/2016\/04\/BUT_L_1.jpg\"><\/div><div class=\"sgb-item\" data-id=\"388\"><img alt=\"\" width=\"300\" height=\"300\" loading=\"auto\" data-lazy-src=\"\" class=\"skip-lazy no-lazyload noLazy\" src=\"http:\/\/www.re-cycle-age.com\/SiteNNV3\/wp-content\/uploads\/2016\/04\/BUT_L_0.jpg\"><\/div><div class=\"sgb-item\" data-id=\"569\"><img alt=\"\" width=\"300\" height=\"300\" loading=\"auto\" data-lazy-src=\"\" class=\"skip-lazy no-lazyload noLazy\" src=\"http:\/\/www.re-cycle-age.com\/SiteNNV3\/wp-content\/uploads\/2016\/07\/DSC_0354.resized.jpg\"><\/div><div class=\"sgb-item\" data-id=\"661\"><img alt=\"\" width=\"300\" height=\"300\" loading=\"auto\" data-lazy-src=\"\" class=\"skip-lazy no-lazyload noLazy\" src=\"http:\/\/www.re-cycle-age.com\/SiteNNV3\/wp-content\/uploads\/2017\/08\/DSC_0397.jpg\"><\/div><div class=\"sgb-item\" data-id=\"671\"><img alt=\"\" width=\"300\" height=\"300\" loading=\"auto\" data-lazy-src=\"\" class=\"skip-lazy no-lazyload noLazy\" src=\"http:\/\/www.re-cycle-age.com\/SiteNNV3\/wp-content\/uploads\/2017\/08\/DSC_0434.jpg\"><\/div><div class=\"sgb-item\" data-id=\"724\"><img alt=\"\" width=\"300\" height=\"300\" loading=\"auto\" data-lazy-src=\"\" class=\"skip-lazy no-lazyload noLazy\" src=\"http:\/\/www.re-cycle-age.com\/SiteNNV3\/wp-content\/uploads\/2017\/10\/DSC_0186.jpg\"><\/div><\/div><\/div><\/noscript><\/div>\n\n\n\n<p>Dans notre soci\u00e9t\u00e9 technologique, rares sont les biens d&#8217;usage quotidien que nous sommes capables de fabriquer ou dont nous comprenons le fonctionnement.<\/p>\n\n\n\n<p>Les objets r\u00e9alis\u00e9s lors des stages sont l&#8217;occasion d&#8217;expliquer de mani\u00e8re tr\u00e8s concr\u00e8te des notions telles que la production d&#8217;\u00e9lectricit\u00e9 ou d&#8217;\u00e9nergie, l&#8217;\u00e9nergie grise, la double combustion.<\/p>\n\n\n\n<p>Ils permettent l&#8217;acquisition de techniques de base comme le travail du m\u00e9tal ou du bois r\u00e9utilisables dans la vie de tous les jours.<\/p>\n\n\n\n<p>Les stages ont un double objectif :<\/p>\n\n\n\n<ul><li>fabriquer un objet utile que vous emportez<\/li><li>d\u00e9couvrir ou perfectionner des techniques qui vous serviront dans vos r\u00e9alisations et vous permettront de devenir plus autonome.<\/li><\/ul>\n\n\n\n<p>Tous les stages peuvent \u00eatre organis\u00e9s dans le lieu de votre choix.<\/p>\n\n\n\n<p>Pour plus de pr\u00e9cisions, contactez nous.<\/p>\n\n\n\n<p>\u00ab&nbsp;Nerzh Nevez&nbsp;\u00bb signifie \u00ab&nbsp;Forces Nouvelles&nbsp;\u00bb en Breton.<\/p>\n\n\n\n<h3>Pour vous abonner \u00e0 la lettre d&#8217;information et \u00eatre inform\u00e9 des prochaines formations.<\/h3>\n\n\n","protected":false},"excerpt":{"rendered":"<p>Dans notre soci\u00e9t\u00e9 technologique, rares sont les biens d&#8217;usage quotidien que nous sommes capables de fabriquer ou dont nous comprenons le fonctionnement. Les objets r\u00e9alis\u00e9s lors des stages sont l&#8217;occasion d&#8217;expliquer de mani\u00e8re tr\u00e8s concr\u00e8te des notions telles que la production d&#8217;\u00e9lectricit\u00e9 ou d&#8217;\u00e9nergie, l&#8217;\u00e9nergie grise, la double combustion. Ils permettent l&#8217;acquisition de techniques de [&hellip;]<\/p>\n","protected":false},"author":1,"featured_media":0,"parent":0,"menu_order":0,"comment_status":"closed","ping_status":"closed","template":"","meta":{"pgc_sgb_lightbox_settings":"","_mi_skip_tracking":false,"_exactmetrics_sitenote_active":false,"_exactmetrics_sitenote_note":"","_exactmetrics_sitenote_category":0},"_links":{"self":[{"href":"http:\/\/www.re-cycle-age.com\/SiteNNV3\/index.php?rest_route=\/wp\/v2\/pages\/1219"}],"collection":[{"href":"http:\/\/www.re-cycle-age.com\/SiteNNV3\/index.php?rest_route=\/wp\/v2\/pages"}],"about":[{"href":"http:\/\/www.re-cycle-age.com\/SiteNNV3\/index.php?rest_route=\/wp\/v2\/types\/page"}],"author":[{"embeddable":true,"href":"http:\/\/www.re-cycle-age.com\/SiteNNV3\/index.php?rest_route=\/wp\/v2\/users\/1"}],"replies":[{"embeddable":true,"href":"http:\/\/www.re-cycle-age.com\/SiteNNV3\/index.php?rest_route=%2Fwp%2Fv2%2Fcomments&post=1219"}],"version-history":[{"count":9,"href":"http:\/\/www.re-cycle-age.com\/SiteNNV3\/index.php?rest_route=\/wp\/v2\/pages\/1219\/revisions"}],"predecessor-version":[{"id":2364,"href":"http:\/\/www.re-cycle-age.com\/SiteNNV3\/index.php?rest_route=\/wp\/v2\/pages\/1219\/revisions\/2364"}],"wp:attachment":[{"href":"http:\/\/www.re-cycle-age.com\/SiteNNV3\/index.php?rest_route=%2Fwp%2Fv2%2Fmedia&parent=1219"}],"curies":[{"name":"wp","href":"https:\/\/api.w.org\/{rel}","templated":true}]}}